{"id":101,"date":"2025-11-10T07:28:35","date_gmt":"2025-11-10T07:28:35","guid":{"rendered":"https:\/\/proba.ivona-lovrec.from.hr\/?page_id=101"},"modified":"2026-03-23T06:58:20","modified_gmt":"2026-03-23T06:58:20","slug":"pocetna-2","status":"publish","type":"page","link":"https:\/\/proba.ivona-lovrec.from.hr\/","title":{"rendered":"Po\u010detna"},"content":{"rendered":"\t\t<div data-elementor-type=\"wp-page\" data-elementor-id=\"101\" class=\"elementor elementor-101\">\n\t\t\t\t\t\t<section class=\"elementor-section elementor-top-section elementor-element elementor-element-57edecfa0 elementor-section-boxed elementor-section-height-default elementor-section-height-default wpr-particle-no wpr-jarallax-no wpr-parallax-no wpr-sticky-section-no\" data-id=\"57edecfa0\" data-element_type=\"section\" data-e-type=\"section\" data-settings=\"{&quot;background_background&quot;:&quot;classic&quot;}\">\n\t\t\t\t\t\t<div class=\"elementor-container elementor-column-gap-default\">\n\t\t\t\t\t<div class=\"elementor-column elementor-col-33 elementor-top-column elementor-element elementor-element-57eb7a76\" data-id=\"57eb7a76\" data-element_type=\"column\" data-e-type=\"column\">\n\t\t\t<div class=\"elementor-widget-wrap\">\n\t\t\t\t\t\t\t<\/div>\n\t\t<\/div>\n\t\t\t\t<div class=\"elementor-column elementor-col-33 elementor-top-column elementor-element elementor-element-9a1b07\" data-id=\"9a1b07\" data-element_type=\"column\" data-e-type=\"column\">\n\t\t\t<div class=\"elementor-widget-wrap elementor-element-populated\">\n\t\t\t\t\t\t<div class=\"elementor-element elementor-element-cbca75a wpr-main-menu-align-center wpr-main-menu-align--tabletcenter wpr-main-menu-align--mobilecenter wpr-pointer-underline wpr-pointer-line-fx wpr-pointer-fx-fade wpr-sub-icon-caret-down wpr-sub-menu-fx-fade wpr-nav-menu-bp-mobile wpr-mobile-menu-full-width wpr-mobile-menu-item-align-center wpr-mobile-toggle-v1 wpr-sub-divider-yes elementor-widget elementor-widget-wpr-nav-menu\" data-id=\"cbca75a\" data-element_type=\"widget\" data-e-type=\"widget\" data-settings=\"{&quot;menu_layout&quot;:&quot;horizontal&quot;}\" data-widget_type=\"wpr-nav-menu.default\">\n\t\t\t\t\t<nav class=\"wpr-nav-menu-container wpr-nav-menu-horizontal\" data-trigger=\"hover\"><ul id=\"menu-1-cbca75a\" class=\"wpr-nav-menu\"><li class=\"menu-item menu-item-type-post_type menu-item-object-page menu-item-265\"><a href=\"https:\/\/proba.ivona-lovrec.from.hr\/?page_id=264\" class=\"wpr-menu-item wpr-pointer-item\">BikeFix Studio<\/a><\/li>\n<li class=\"menu-item menu-item-type-post_type menu-item-object-page menu-item-302\"><a href=\"https:\/\/proba.ivona-lovrec.from.hr\/?page_id=299\" class=\"wpr-menu-item wpr-pointer-item\">Naslovna<\/a><\/li>\n<li class=\"menu-item menu-item-type-post_type menu-item-object-page menu-item-304\"><a href=\"https:\/\/proba.ivona-lovrec.from.hr\/?page_id=300\" class=\"wpr-menu-item wpr-pointer-item\">Na\u0161e usluge<\/a><\/li>\n<\/ul><\/nav><nav class=\"wpr-mobile-nav-menu-container\"><div class=\"wpr-mobile-toggle-wrap\"><div class=\"wpr-mobile-toggle\"><span class=\"wpr-mobile-toggle-line\"><\/span><span class=\"wpr-mobile-toggle-line\"><\/span><span class=\"wpr-mobile-toggle-line\"><\/span><\/div><\/div><ul id=\"mobile-menu-2-cbca75a\" class=\"wpr-mobile-nav-menu\"><li class=\"menu-item menu-item-type-post_type menu-item-object-page menu-item-265\"><a href=\"https:\/\/proba.ivona-lovrec.from.hr\/?page_id=264\" class=\"wpr-mobile-menu-item\">BikeFix Studio<\/a><\/li>\n<li class=\"menu-item menu-item-type-post_type menu-item-object-page menu-item-302\"><a href=\"https:\/\/proba.ivona-lovrec.from.hr\/?page_id=299\" class=\"wpr-mobile-menu-item\">Naslovna<\/a><\/li>\n<li class=\"menu-item menu-item-type-post_type menu-item-object-page menu-item-304\"><a href=\"https:\/\/proba.ivona-lovrec.from.hr\/?page_id=300\" class=\"wpr-mobile-menu-item\">Na\u0161e usluge<\/a><\/li>\n<\/ul><\/nav>\t\t\t\t<\/div>\n\t\t\t\t\t<\/div>\n\t\t<\/div>\n\t\t\t\t<div class=\"elementor-column elementor-col-33 elementor-top-column elementor-element elementor-element-5a55b2cb elementor-hidden-mobile\" data-id=\"5a55b2cb\" data-element_type=\"column\" data-e-type=\"column\">\n\t\t\t<div class=\"elementor-widget-wrap elementor-element-populated\">\n\t\t\t\t\t\t<div class=\"elementor-element elementor-element-423f8b3a wpr-offcanvas-align-right wpr-offcanvas-align-center wpr-offcanvas-entrance-animation-fade elementor-widget elementor-widget-wpr-offcanvas\" data-id=\"423f8b3a\" data-element_type=\"widget\" data-e-type=\"widget\" data-widget_type=\"wpr-offcanvas.default\">\n\t\t\t\t\t\n\t\t<div class=\"wpr-offcanvas-container\" data-offcanvas-open=\"no\">\n\t\t\t<button class=\"wpr-offcanvas-trigger\" aria-label=\"Book an Appointment\" aria-expanded=\"false\" aria-controls=\"wpr-offcanvas-423f8b3a\">\n\t\t\t\t\t\t\t\t\t\t\t\t\t<span>Book an Appointment<\/span>\n\t\t\t\t\t\t\t<\/button>\n\n\t\t\t<div class=\"wpr-offcanvas-wrap wpr-offcanvas-wrap-right\">\n\t\t\t\t<div class=\"wpr-offcanvas-content wpr-offcanvas-content-right\">\n\t\t\t\t\t<div class=\"wpr-offcanvas-header\">\n\t\t\t\t\t\t<span class=\"wpr-close-offcanvas\">\n\t\t\t\t\t\t\t<i class=\"fa fa-times\" aria-hidden=\"true\"><\/i>\n\t\t\t\t\t\t<\/span>\n\t\t\t\t\t\t\t\t\t\t\t<\/div>\n\t\t\t\t\t<span class=\"wpr-template-edit-btn\" data-permalink=\"\">Edit Template<\/span>\t\t\t\t<\/div>\n\t\t\t<\/div>\n\t\t<\/div>\n        \n    \t\t\t\t<\/div>\n\t\t\t\t\t<\/div>\n\t\t<\/div>\n\t\t\t\t\t<\/div>\n\t\t<\/section>\n\t\t\t\t<section class=\"elementor-section elementor-top-section elementor-element elementor-element-b1b34fa0 elementor-section-height-min-height elementor-section-boxed elementor-section-height-default elementor-section-items-middle wpr-particle-no wpr-jarallax-no wpr-parallax-no wpr-sticky-section-no\" data-id=\"b1b34fa0\" data-element_type=\"section\" data-e-type=\"section\" data-settings=\"{&quot;background_background&quot;:&quot;classic&quot;}\">\n\t\t\t\t\t\t\t<div class=\"elementor-background-overlay\"><\/div>\n\t\t\t\t\t\t\t<div class=\"elementor-container elementor-column-gap-default\">\n\t\t\t\t\t<div class=\"elementor-column elementor-col-100 elementor-top-column elementor-element elementor-element-5a555929\" data-id=\"5a555929\" data-element_type=\"column\" data-e-type=\"column\">\n\t\t\t<div class=\"elementor-widget-wrap elementor-element-populated\">\n\t\t\t\t\t\t<div class=\"elementor-element elementor-element-4f359245 elementor-widget elementor-widget-heading\" data-id=\"4f359245\" data-element_type=\"widget\" data-e-type=\"widget\" data-widget_type=\"heading.default\">\n\t\t\t\t\t<h2 class=\"elementor-heading-title elementor-size-default\">NASA<\/h2>\t\t\t\t<\/div>\n\t\t\t\t<div class=\"elementor-element elementor-element-4950b0fe wpr-advanced-text-style-animated wpr-fancy-text-typing wpr-animated-text-infinite-yes elementor-widget elementor-widget-wpr-advanced-text\" data-id=\"4950b0fe\" data-element_type=\"widget\" data-e-type=\"widget\" data-settings=\"{&quot;anim_loop&quot;:&quot;yes&quot;}\" data-widget_type=\"wpr-advanced-text.default\">\n\t\t\t\t\t\n\t\t<h3 class=\"wpr-advanced-text\">\n\n\t\t\t\t\t\n\t\t\t\t\t\t\t<span class=\"wpr-advanced-text-preffix\">Za\u0161to je NASA prestala istra\u017eivati <\/span>\n\t\t\t\n\t\t<span class=\"wpr-anim-text wpr-anim-text-type-typing wpr-anim-text-letters\" data-anim-duration=\"200,2000\" data-anim-loop=\"yes\">\n\t\t\t<span class=\"wpr-anim-text-inner\">\n\t\t\t\t\t\t\t\t\t<b>ocean?<\/b>\n\t\t\t\t\t\t\t<\/span>\n\t\t\t<span class=\"wpr-anim-text-cursor\">|<\/span>\t\t<\/span>\n\n\t\t\t\t\n\t\t<\/h3>\n\t\t\n\t\t\t\t\t\t<\/div>\n\t\t\t\t<div class=\"elementor-element elementor-element-247b33e5 wpr-button-icon-style-inline wpr-button-icon-position-right elementor-widget elementor-widget-wpr-button\" data-id=\"247b33e5\" data-element_type=\"widget\" data-e-type=\"widget\" data-widget_type=\"wpr-button.default\">\n\t\t\t\t\t\t\n\t\t\t\n\t\t\n\t\t<div class=\"wpr-button-wrap elementor-clearfix\">\n\t\t<a class=\"wpr-button wpr-button-effect wpr-button-none\" data-text=\"\" href=\"#link\">\n\t\t\t\n\t\t\t<span class=\"wpr-button-content\">\n\t\t\t\t\t\t\t\t\t<span class=\"wpr-button-text\">Istra\u017ei<\/span>\n\t\t\t\t\t\t\t\t\n\t\t\t\t\t\t\t<\/span>\n\t\t<\/a>\n\n\t\t\t\t<\/div>\n\t\n\t\n\t\t\t\t\t<\/div>\n\t\t\t\t\t<\/div>\n\t\t<\/div>\n\t\t\t\t\t<\/div>\n\t\t<\/section>\n\t\t\t\t<section class=\"elementor-section elementor-top-section elementor-element elementor-element-6f975edd elementor-section-boxed elementor-section-height-default elementor-section-height-default wpr-particle-no wpr-jarallax-no wpr-parallax-no wpr-sticky-section-no\" data-id=\"6f975edd\" data-element_type=\"section\" data-e-type=\"section\">\n\t\t\t\t\t\t<div class=\"elementor-container elementor-column-gap-default\">\n\t\t\t\t\t<div class=\"elementor-column elementor-col-100 elementor-top-column elementor-element elementor-element-57f14463\" data-id=\"57f14463\" data-element_type=\"column\" data-e-type=\"column\">\n\t\t\t<div class=\"elementor-widget-wrap elementor-element-populated\">\n\t\t\t\t\t\t<div class=\"elementor-element elementor-element-520f8abb wpr-main-menu-align-center wpr-main-menu-align--mobilecenter wpr-mobile-toggle-v4 wpr-main-menu-align--tabletleft wpr-pointer-underline wpr-pointer-line-fx wpr-pointer-fx-fade wpr-sub-icon-caret-down wpr-sub-menu-fx-fade wpr-nav-menu-bp-tablet wpr-mobile-menu-display-dropdown wpr-mobile-menu-full-width wpr-sub-divider-yes elementor-widget elementor-widget-wpr-mega-menu\" data-id=\"520f8abb\" data-element_type=\"widget\" data-e-type=\"widget\" data-settings=\"{&quot;menu_layout&quot;:&quot;horizontal&quot;}\" data-widget_type=\"wpr-mega-menu.default\">\n\t\t\t\t\t<nav class=\"wpr-nav-menu-container wpr-mega-menu-container wpr-nav-menu-horizontal\" data-trigger=\"hover\"><ul id=\"menu-1-520f8abb\" class=\"wpr-nav-menu wpr-mega-menu\"><li class=\"menu-item menu-item-type-post_type menu-item-object-page menu-item-265\"><a href=\"https:\/\/proba.ivona-lovrec.from.hr\/?page_id=264\" class=\"wpr-menu-item wpr-pointer-item\"><span>BikeFix Studio<\/span><\/a><\/li>\n<li class=\"menu-item menu-item-type-post_type menu-item-object-page menu-item-302\"><a href=\"https:\/\/proba.ivona-lovrec.from.hr\/?page_id=299\" class=\"wpr-menu-item wpr-pointer-item\"><span>Naslovna<\/span><\/a><\/li>\n<li class=\"menu-item menu-item-type-post_type menu-item-object-page menu-item-304\"><a href=\"https:\/\/proba.ivona-lovrec.from.hr\/?page_id=300\" class=\"wpr-menu-item wpr-pointer-item\"><span>Na\u0161e usluge<\/span><\/a><\/li>\n<\/ul><\/nav><nav class=\"wpr-mobile-nav-menu-container\"><div class=\"wpr-mobile-toggle-wrap\"><div class=\"wpr-mobile-toggle\"><span class=\"wpr-mobile-toggle-line\"><\/span><span class=\"wpr-mobile-toggle-line\"><\/span><span class=\"wpr-mobile-toggle-line\"><\/span><\/div><\/div><div class=\"wpr-mobile-mega-menu-wrap \" toggle-backface=\"\"><ul id=\"mobile-menu-2-520f8abb\" class=\"wpr-mobile-nav-menu wpr-mobile-mega-menu\"><li class=\"menu-item menu-item-type-post_type menu-item-object-page menu-item-265\"><a href=\"https:\/\/proba.ivona-lovrec.from.hr\/?page_id=264\" class=\"wpr-mobile-menu-item\">BikeFix Studio<\/a><\/li>\n<li class=\"menu-item menu-item-type-post_type menu-item-object-page menu-item-302\"><a href=\"https:\/\/proba.ivona-lovrec.from.hr\/?page_id=299\" class=\"wpr-mobile-menu-item\">Naslovna<\/a><\/li>\n<li class=\"menu-item menu-item-type-post_type menu-item-object-page menu-item-304\"><a href=\"https:\/\/proba.ivona-lovrec.from.hr\/?page_id=300\" class=\"wpr-mobile-menu-item\">Na\u0161e usluge<\/a><\/li>\n<\/ul><\/div><\/nav>\t\t\t\t<\/div>\n\t\t\t\t<div class=\"elementor-element elementor-element-1b5e606 elementor-widget elementor-widget-heading\" data-id=\"1b5e606\" data-element_type=\"widget\" data-e-type=\"widget\" data-widget_type=\"heading.default\">\n\t\t\t\t\t<h2 class=\"elementor-heading-title elementor-size-default\">NASA<\/h2>\t\t\t\t<\/div>\n\t\t\t\t<div class=\"elementor-element elementor-element-2c49d928 elementor-widget elementor-widget-text-editor\" data-id=\"2c49d928\" data-element_type=\"widget\" data-e-type=\"widget\" data-widget_type=\"text-editor.default\">\n\t\t\t\t\t\t\t\t\t<p>\u00a0<\/p><p><iframe title=\"Earth Day 2024: Water Touches Everything\" width=\"800\" height=\"450\" src=\"https:\/\/www.youtube.com\/embed\/9NDKnqxEU14?feature=oembed\" frameborder=\"0\" allow=\"accelerometer; autoplay; clipboard-write; encrypted-media; gyroscope; picture-in-picture; web-share\" referrerpolicy=\"strict-origin-when-cross-origin\" allowfullscreen><\/iframe><\/p>\t\t\t\t\t\t\t\t<\/div>\n\t\t\t\t<div class=\"elementor-element elementor-element-32040e74 elementor-widget-divider--view-line elementor-widget elementor-widget-divider\" data-id=\"32040e74\" data-element_type=\"widget\" data-e-type=\"widget\" data-widget_type=\"divider.default\">\n\t\t\t\t\t\t\t<div class=\"elementor-divider\">\n\t\t\t<span class=\"elementor-divider-separator\">\n\t\t\t\t\t\t<\/span>\n\t\t<\/div>\n\t\t\t\t\t\t<\/div>\n\t\t\t\t<section class=\"elementor-section elementor-inner-section elementor-element elementor-element-3973fdbf elementor-section-boxed elementor-section-height-default elementor-section-height-default wpr-particle-no wpr-jarallax-no wpr-parallax-no wpr-sticky-section-no\" data-id=\"3973fdbf\" data-element_type=\"section\" data-e-type=\"section\">\n\t\t\t\t\t\t<div class=\"elementor-container elementor-column-gap-default\">\n\t\t\t\t\t<div class=\"elementor-column elementor-col-33 elementor-inner-column elementor-element elementor-element-4d694184\" data-id=\"4d694184\" data-element_type=\"column\" data-e-type=\"column\">\n\t\t\t<div class=\"elementor-widget-wrap elementor-element-populated\">\n\t\t\t\t\t\t<div class=\"elementor-element elementor-element-12e43a44 wpr-promo-box-style-cover elementor-widget elementor-widget-wpr-promo-box\" data-id=\"12e43a44\" data-element_type=\"widget\" data-e-type=\"widget\" data-widget_type=\"wpr-promo-box.default\">\n\t\t\t\t\t\n\t\t<div class=\"wpr-promo-box wpr-animation-wrap\">\n\n\t\t\t\t\t\t<a class=\"wpr-promo-box-link\" href=\"#\"><\/a>\t\n\t\t\t\t\t\t\t\n\t\t\t\t\t\t\t<div class=\"wpr-promo-box-image\">\n\t\t\t\t\t<div class=\"wpr-promo-box-bg-image wpr-bg-anim-zoom-in wpr-anim-timing-ease-default\" style=\"background-image:url(https:\/\/proba.ivona-lovrec.from.hr\/wp-content\/uploads\/2025\/11\/ftb5hb-1.webp);\"><\/div>\n\t\t\t\t\t<div class=\"wpr-promo-box-bg-overlay wpr-border-anim-jazz\"><\/div>\n\t\t\t\t<\/div>\n\t\t\t\t\t\t\n\t\t\t<div class=\"wpr-promo-box-content\">\n\n\t\t\t\t\t\t\t\t<div class=\"wpr-promo-box-icon\">\n\t\t\t\t\t\t\t\t\t<\/div>\n\t\t\t\t\n\t\t\t\t<h3 class=\"wpr-promo-box-title\"><span>NASA<\/span><\/h3>\n\t\t\t\t\t\t\t\t\t<div class=\"wpr-promo-box-description\">\n\t\t\t\t\t\t<p><p>agencija za svemir i aeronautiku<\/p><\/p>\t\n\t\t\t\t\t<\/div>\t\t\t\t\t\t\n\t\t\t\t\n\t\t\t\t\t\t\t<\/div>\n\n\t\t\t\t\t<\/div>\n\n\t\t\t\t\t\t<\/div>\n\t\t\t\t\t<\/div>\n\t\t<\/div>\n\t\t\t\t<div class=\"elementor-column elementor-col-33 elementor-inner-column elementor-element elementor-element-74a65dd4\" data-id=\"74a65dd4\" data-element_type=\"column\" data-e-type=\"column\">\n\t\t\t<div class=\"elementor-widget-wrap elementor-element-populated\">\n\t\t\t\t\t\t<div class=\"elementor-element elementor-element-3d4aeff elementor-widget elementor-widget-image\" data-id=\"3d4aeff\" data-element_type=\"widget\" data-e-type=\"widget\" data-widget_type=\"image.default\">\n\t\t\t\t\t\t\t\t\t\t\t\t\t\t\t<img fetchpriority=\"high\" decoding=\"async\" width=\"300\" height=\"300\" src=\"https:\/\/proba.ivona-lovrec.from.hr\/wp-content\/uploads\/2025\/11\/avatars-JUvAAPvAA86fmbVE-SH0i6g-t1080x1080-300x300.jpg\" class=\"attachment-medium size-medium wp-image-138\" alt=\"\" srcset=\"https:\/\/proba.ivona-lovrec.from.hr\/wp-content\/uploads\/2025\/11\/avatars-JUvAAPvAA86fmbVE-SH0i6g-t1080x1080-300x300.jpg 300w, https:\/\/proba.ivona-lovrec.from.hr\/wp-content\/uploads\/2025\/11\/avatars-JUvAAPvAA86fmbVE-SH0i6g-t1080x1080-1024x1024.jpg 1024w, https:\/\/proba.ivona-lovrec.from.hr\/wp-content\/uploads\/2025\/11\/avatars-JUvAAPvAA86fmbVE-SH0i6g-t1080x1080-150x150.jpg 150w, https:\/\/proba.ivona-lovrec.from.hr\/wp-content\/uploads\/2025\/11\/avatars-JUvAAPvAA86fmbVE-SH0i6g-t1080x1080-768x768.jpg 768w, https:\/\/proba.ivona-lovrec.from.hr\/wp-content\/uploads\/2025\/11\/avatars-JUvAAPvAA86fmbVE-SH0i6g-t1080x1080.jpg 1080w\" sizes=\"(max-width: 300px) 100vw, 300px\" \/>\t\t\t\t\t\t\t\t\t\t\t\t\t\t\t<\/div>\n\t\t\t\t\t<\/div>\n\t\t<\/div>\n\t\t\t\t<div class=\"elementor-column elementor-col-33 elementor-inner-column elementor-element elementor-element-4b9dbd58\" data-id=\"4b9dbd58\" data-element_type=\"column\" data-e-type=\"column\">\n\t\t\t<div class=\"elementor-widget-wrap elementor-element-populated\">\n\t\t\t\t\t\t<div class=\"elementor-element elementor-element-703c66e1 wpr-promo-box-style-cover elementor-widget elementor-widget-wpr-promo-box\" data-id=\"703c66e1\" data-element_type=\"widget\" data-e-type=\"widget\" data-widget_type=\"wpr-promo-box.default\">\n\t\t\t\t\t\n\t\t<div class=\"wpr-promo-box wpr-animation-wrap\">\n\n\t\t\t\t\t\t<a class=\"wpr-promo-box-link\" href=\"#\"><\/a>\t\n\t\t\t\t\t\t\t\n\t\t\t\t\t\t\t<div class=\"wpr-promo-box-image\">\n\t\t\t\t\t<div class=\"wpr-promo-box-bg-image wpr-bg-anim-zoom-in wpr-anim-timing-ease-default\" style=\"background-image:url(https:\/\/proba.ivona-lovrec.from.hr\/wp-content\/uploads\/2025\/11\/Bahamas_from_STS-52.jpeg);\"><\/div>\n\t\t\t\t\t<div class=\"wpr-promo-box-bg-overlay wpr-border-anim-jazz\"><\/div>\n\t\t\t\t<\/div>\n\t\t\t\t\t\t\n\t\t\t<div class=\"wpr-promo-box-content\">\n\n\t\t\t\t\t\t\t\t<div class=\"wpr-promo-box-icon\">\n\t\t\t\t\t\t\t\t\t<\/div>\n\t\t\t\t\n\t\t\t\t<h3 class=\"wpr-promo-box-title\"><span>NASA i ocean<\/span><\/h3>\n\t\t\t\t\t\t\t\t\t<div class=\"wpr-promo-box-description\">\n\t\t\t\t\t\t<p><p>prati oceane iz svemira<\/p><\/p>\t\n\t\t\t\t\t<\/div>\t\t\t\t\t\t\n\t\t\t\t\n\t\t\t\t\t\t\t<\/div>\n\n\t\t\t\t\t<\/div>\n\n\t\t\t\t\t\t<\/div>\n\t\t\t\t\t<\/div>\n\t\t<\/div>\n\t\t\t\t\t<\/div>\n\t\t<\/section>\n\t\t\t\t\t<\/div>\n\t\t<\/div>\n\t\t\t\t\t<\/div>\n\t\t<\/section>\n\t\t<div class=\"elementor-element elementor-element-93216d0 e-flex e-con-boxed wpr-particle-no wpr-jarallax-no wpr-parallax-no wpr-sticky-section-no e-con e-parent\" data-id=\"93216d0\" data-element_type=\"container\" data-e-type=\"container\">\n\t\t\t\t\t<div class=\"e-con-inner\">\n\t\t\t\t<div class=\"elementor-element elementor-element-cc36e27 elementor-widget elementor-widget-heading\" data-id=\"cc36e27\" data-element_type=\"widget\" data-e-type=\"widget\" data-widget_type=\"heading.default\">\n\t\t\t\t\t<h2 class=\"elementor-heading-title elementor-size-default\">Teorije za\u0161to  je NASA prestala istra\u017eivati ocean?<\/h2>\t\t\t\t<\/div>\n\t\t\t\t<div class=\"elementor-element elementor-element-ad3df4b elementor-widget elementor-widget-text-editor\" data-id=\"ad3df4b\" data-element_type=\"widget\" data-e-type=\"widget\" data-widget_type=\"text-editor.default\">\n\t\t\t\t\t\t\t\t\t<p><strong data-start=\"91\" data-end=\"124\">1. Promjena prioriteta NASA-e<\/strong><br data-start=\"124\" data-end=\"127\" \/>U ranim desetlje\u0107ima NASA je kratko sura\u0111ivala na oceanskim istra\u017eivanjima, ali je kasnije odlu\u010dila ulo\u017eiti ve\u0107inu sredstava u svemirske misije. Vlada SAD-a je \u017eeljela tehnolo\u0161ku i politi\u010dku prednost u svemiru, pa su oceani postali sporedni.<\/p>\t\t\t\t\t\t\t\t<\/div>\n\t\t\t\t<div class=\"elementor-element elementor-element-ad6a3b7 elementor-widget elementor-widget-text-editor\" data-id=\"ad6a3b7\" data-element_type=\"widget\" data-e-type=\"widget\" data-widget_type=\"text-editor.default\">\n\t\t\t\t\t\t\t\t\t<p><strong data-start=\"370\" data-end=\"413\">2. Visoki tro\u0161kovi i tehni\u010dke pote\u0161ko\u0107e<\/strong><br data-start=\"413\" data-end=\"416\" \/>Istra\u017eivanje dubokog oceana iznimno je te\u0161ko: tlakovi su ogromni, komunikacija je ograni\u010dena, a oprema se brzo o\u0161te\u0107uje. Mnogi znanstvenici tvrde da je \u010desto lak\u0161e poslati rover na Mars nego vozilo 10 km duboko u ocean. Zato je oceanske misije preuzela NOAA, koja je specijalizirana za more.<\/p>\t\t\t\t\t\t\t\t<\/div>\n\t\t\t\t<div class=\"elementor-element elementor-element-11369d9 elementor-widget elementor-widget-text-editor\" data-id=\"11369d9\" data-element_type=\"widget\" data-e-type=\"widget\" data-widget_type=\"text-editor.default\">\n\t\t\t\t\t\t\t\t\t<p><strong data-start=\"709\" data-end=\"740\">3. Internet teorije zavjere<\/strong><br data-start=\"740\" data-end=\"743\" \/>Kru\u017ee pri\u010de da je NASA \u201cne\u0161to otkrila\u201d u dubinama oceana i zato sve prekinula. To uklju\u010duje ideje o neobi\u010dnim strukturama, bi\u0107ima ili anomalijama. No takve tvrdnje nemaju nikakve dokaze i vi\u0161e su dio internetskog folklora nego stvarne povijesti.<\/p>\t\t\t\t\t\t\t\t<\/div>\n\t\t\t\t<div class=\"elementor-element elementor-element-50e491f elementor-widget elementor-widget-text-editor\" data-id=\"50e491f\" data-element_type=\"widget\" data-e-type=\"widget\" data-widget_type=\"text-editor.default\">\n\t\t\t\t\t\t\t\t\t<p><strong data-start=\"990\" data-end=\"1047\">4. NASA ipak i dalje prou\u010dava oceane \u2013 ali iz svemira<\/strong><br data-start=\"1047\" data-end=\"1050\" \/>Mnogi zaboravljaju da NASA i danas prou\u010dava ocean satelitima: mjere se temperature, struje, razina mora i klimatski obrasci. Jednostavno re\u010deno \u2013 <strong data-start=\"1196\" data-end=\"1281\">prestali su s dubokim terenskim misijama, ali nisu prestali s prou\u010davanjem oceana<\/strong>.<\/p>\t\t\t\t\t\t\t\t<\/div>\n\t\t\t\t<div class=\"elementor-element elementor-element-410be60 elementor-widget elementor-widget-image\" data-id=\"410be60\" data-element_type=\"widget\" data-e-type=\"widget\" data-widget_type=\"image.default\">\n\t\t\t\t\t\t\t\t\t\t\t\t\t\t\t<img decoding=\"async\" width=\"800\" height=\"450\" src=\"https:\/\/proba.ivona-lovrec.from.hr\/wp-content\/uploads\/2025\/12\/4.-20190427_233139_fivedeepsmarianatrench_reevejolliffe_8102092.webp\" class=\"attachment-large size-large wp-image-211\" alt=\"\" srcset=\"https:\/\/proba.ivona-lovrec.from.hr\/wp-content\/uploads\/2025\/12\/4.-20190427_233139_fivedeepsmarianatrench_reevejolliffe_8102092.webp 1000w, https:\/\/proba.ivona-lovrec.from.hr\/wp-content\/uploads\/2025\/12\/4.-20190427_233139_fivedeepsmarianatrench_reevejolliffe_8102092-300x169.webp 300w, https:\/\/proba.ivona-lovrec.from.hr\/wp-content\/uploads\/2025\/12\/4.-20190427_233139_fivedeepsmarianatrench_reevejolliffe_8102092-768x432.webp 768w\" sizes=\"(max-width: 800px) 100vw, 800px\" \/>\t\t\t\t\t\t\t\t\t\t\t\t\t\t\t<\/div>\n\t\t\t\t<div class=\"elementor-element elementor-element-d9486dd elementor-widget elementor-widget-heading\" data-id=\"d9486dd\" data-element_type=\"widget\" data-e-type=\"widget\" data-widget_type=\"heading.default\">\n\t\t\t\t\t<h2 class=\"elementor-heading-title elementor-size-default\">Pravi razlog za\u0161to je prestala istra\u017eivati ocean?<\/h2>\t\t\t\t<\/div>\n\t\t\t\t<div class=\"elementor-element elementor-element-266ed81 elementor-widget elementor-widget-text-editor\" data-id=\"266ed81\" data-element_type=\"widget\" data-e-type=\"widget\" data-widget_type=\"text-editor.default\">\n\t\t\t\t\t\t\t\t\t<p data-start=\"0\" data-end=\"262\">NASA zapravo <strong data-start=\"33\" data-end=\"85\">nikad nije ozbiljno \u201cprestala\u201d istra\u017eivati ocean<\/strong>, jer joj to <strong data-start=\"98\" data-end=\"132\">nikad nije ni bio glavni posao<\/strong>. Njihova misija je svemir, a istra\u017eivanje oceana preuzela je druga ameri\u010dka agencija \u2013 <strong data-start=\"220\" data-end=\"228\">NOAA<\/strong>, koja je za to specijalizirana.<\/p><p data-start=\"264\" data-end=\"434\" data-is-last-node=\"\" data-is-only-node=\"\">NASA samo povremeno sudjeluje u projektima i satelitima koji prate mora iz zraka, ali <strong data-start=\"350\" data-end=\"402\">duboka oceanska istra\u017eivanja nisu njihov zadatak<\/strong>, pa su se fokusirali na svemir.<\/p>\t\t\t\t\t\t\t\t<\/div>\n\t\t\t\t\t<\/div>\n\t\t\t\t<\/div>\n\t\t\t\t<\/div>\n\t\t","protected":false},"excerpt":{"rendered":"<p>Po\u010detna Galerija Po\u010detna Galerija Book an Appointment Edit Template NASA Za\u0161to je NASA prestala istra\u017eivati ocean? | Istra\u017ei Po\u010detna Galerija Po\u010detna Galerija NASA \u00a0 NASA agencija za svemir i aeronautiku NASA i ocean prati oceane iz svemira Teorije za\u0161to je NASA prestala istra\u017eivati ocean? 1. Promjena prioriteta NASA-eU ranim desetlje\u0107ima NASA je kratko sura\u0111ivala na oceanskim istra\u017eivanjima, ali je kasnije odlu\u010dila ulo\u017eiti ve\u0107inu sredstava u svemirske misije. Vlada SAD-a je \u017eeljela tehnolo\u0161ku i politi\u010dku prednost u svemiru, pa su oceani postali sporedni. 2. Visoki tro\u0161kovi i tehni\u010dke pote\u0161ko\u0107eIstra\u017eivanje dubokog oceana iznimno je te\u0161ko: tlakovi su ogromni, komunikacija je ograni\u010dena, a oprema se brzo o\u0161te\u0107uje. Mnogi znanstvenici tvrde da je \u010desto lak\u0161e poslati rover na Mars nego vozilo 10 km duboko u ocean. Zato je oceanske misije preuzela NOAA, koja je specijalizirana za more. 3. Internet teorije zavjereKru\u017ee pri\u010de da je NASA \u201cne\u0161to otkrila\u201d u dubinama oceana i zato sve prekinula. To uklju\u010duje ideje o neobi\u010dnim strukturama, bi\u0107ima ili anomalijama. No takve tvrdnje nemaju nikakve dokaze i vi\u0161e su dio internetskog folklora nego stvarne povijesti. 4. NASA ipak i dalje prou\u010dava oceane \u2013 ali iz svemiraMnogi zaboravljaju da NASA i danas prou\u010dava ocean satelitima: mjere se temperature, struje, razina mora i klimatski obrasci. Jednostavno re\u010deno \u2013 prestali su s dubokim terenskim misijama, ali nisu prestali s prou\u010davanjem oceana. Pravi razlog za\u0161to je prestala istra\u017eivati ocean? NASA zapravo nikad nije ozbiljno \u201cprestala\u201d istra\u017eivati ocean, jer joj to nikad nije ni bio glavni posao. Njihova misija je svemir, a istra\u017eivanje oceana preuzela je druga ameri\u010dka agencija \u2013 NOAA, koja je za to specijalizirana. NASA samo povremeno sudjeluje u projektima i satelitima koji prate mora iz zraka, ali duboka oceanska istra\u017eivanja nisu njihov zadatak, pa su se fokusirali na svemir.<\/p>\n","protected":false},"author":1,"featured_media":0,"parent":0,"menu_order":0,"comment_status":"closed","ping_status":"closed","template":"","meta":{"_eb_attr":"","footnotes":""},"class_list":["post-101","page","type-page","status-publish","hentry"],"_links":{"self":[{"href":"https:\/\/proba.ivona-lovrec.from.hr\/index.php?rest_route=\/wp\/v2\/pages\/101","targetHints":{"allow":["GET"]}}],"collection":[{"href":"https:\/\/proba.ivona-lovrec.from.hr\/index.php?rest_route=\/wp\/v2\/pages"}],"about":[{"href":"https:\/\/proba.ivona-lovrec.from.hr\/index.php?rest_route=\/wp\/v2\/types\/page"}],"author":[{"embeddable":true,"href":"https:\/\/proba.ivona-lovrec.from.hr\/index.php?rest_route=\/wp\/v2\/users\/1"}],"replies":[{"embeddable":true,"href":"https:\/\/proba.ivona-lovrec.from.hr\/index.php?rest_route=%2Fwp%2Fv2%2Fcomments&post=101"}],"version-history":[{"count":53,"href":"https:\/\/proba.ivona-lovrec.from.hr\/index.php?rest_route=\/wp\/v2\/pages\/101\/revisions"}],"predecessor-version":[{"id":298,"href":"https:\/\/proba.ivona-lovrec.from.hr\/index.php?rest_route=\/wp\/v2\/pages\/101\/revisions\/298"}],"wp:attachment":[{"href":"https:\/\/proba.ivona-lovrec.from.hr\/index.php?rest_route=%2Fwp%2Fv2%2Fmedia&parent=101"}],"curies":[{"name":"wp","href":"https:\/\/api.w.org\/{rel}","templated":true}]}}